{"id":1629,"date":"2011-03-22T16:52:51","date_gmt":"2011-03-22T16:52:51","guid":{"rendered":"http:\/\/www.collectifpsychiatrie.fr\/?page_id=1629"},"modified":"2020-12-06T13:49:55","modified_gmt":"2020-12-06T13:49:55","slug":"video-de-la-manifestation-du-15-mars","status":"publish","type":"page","link":"https:\/\/www.collectifpsychiatrie.fr\/?page_id=1629","title":{"rendered":"&gt;Vid\u00e9o &#8211; manif du 15 mars 2011 &#8211; Assembl\u00e9e Nationale"},"content":{"rendered":"<p><span class=\"Apple-style-span\" style=\"font-family: arial, helvetica, sans-serif; font-size: 16px; \">Le 15 mars, Place Edouard Herriot a eu lieu la manifestation \u00e0 l&rsquo;initiative du collectif des 39 contre la nuit s\u00e9curitaire.<\/span><\/p>\n<p><span style=\"font-size: 16px; \"><span style=\"font-family: arial, helvetica, sans-serif; \">Un court r\u00e9sum\u00e9 vid\u00e9o en 5 minutes.<\/span><\/span><\/p>\n<p>&nbsp;<\/p>\n<p>&nbsp;<\/p>\n<p style=\"text-align: center; \"><iframe loading=\"lazy\" frameborder=\"0\" height=\"384\" src=\"http:\/\/www.dailymotion.com\/embed\/video\/xhm7ec?theme=eggplant&amp;foreground=%23CFCFCF&amp;highlight=%23834596&amp;background=%23000000\" width=\"480\"><\/iframe><br \/>\n<a href=\"http:\/\/www.dailymotion.com\/video\/xhm7ec_manif-assembleee-collectif-des-39-le15-03-2011_news\" target=\"_blank\" rel=\"noopener noreferrer\">Manif-assembl\u00e9ee-collectif des 39-le15-03-2011<\/a> <i>par <a href=\"http:\/\/www.dailymotion.com\/collectif39\" target=\"_blank\" rel=\"noopener noreferrer\">collectif39<\/a><\/i><\/p>\n","protected":false},"excerpt":{"rendered":"<p>Le 15 mars, Place Edouard Herriot a eu lieu la manifestation \u00e0 l&rsquo;initiative du collectif des 39 contre la nuit s\u00e9curitaire. Un court r\u00e9sum\u00e9 vid\u00e9o en 5 minutes. &nbsp; &nbsp; Manif-assembl\u00e9ee-collectif des 39-le15-03-2011 par collectif39<\/p>\n","protected":false},"author":2,"featured_media":0,"parent":0,"menu_order":0,"comment_status":"open","ping_status":"open","template":"","meta":{"footnotes":""},"class_list":["post-1629","page","type-page","status-publish","hentry"],"_links":{"self":[{"href":"https:\/\/www.collectifpsychiatrie.fr\/index.php?rest_route=\/wp\/v2\/pages\/1629","targetHints":{"allow":["GET"]}}],"collection":[{"href":"https:\/\/www.collectifpsychiatrie.fr\/index.php?rest_route=\/wp\/v2\/pages"}],"about":[{"href":"https:\/\/www.collectifpsychiatrie.fr\/index.php?rest_route=\/wp\/v2\/types\/page"}],"author":[{"embeddable":true,"href":"https:\/\/www.collectifpsychiatrie.fr\/index.php?rest_route=\/wp\/v2\/users\/2"}],"replies":[{"embeddable":true,"href":"https:\/\/www.collectifpsychiatrie.fr\/index.php?rest_route=%2Fwp%2Fv2%2Fcomments&post=1629"}],"version-history":[{"count":1,"href":"https:\/\/www.collectifpsychiatrie.fr\/index.php?rest_route=\/wp\/v2\/pages\/1629\/revisions"}],"predecessor-version":[{"id":9217,"href":"https:\/\/www.collectifpsychiatrie.fr\/index.php?rest_route=\/wp\/v2\/pages\/1629\/revisions\/9217"}],"wp:attachment":[{"href":"https:\/\/www.collectifpsychiatrie.fr\/index.php?rest_route=%2Fwp%2Fv2%2Fmedia&parent=1629"}],"curies":[{"name":"wp","href":"https:\/\/api.w.org\/{rel}","templated":true}]}}