{"id":1644,"date":"2011-03-22T20:31:54","date_gmt":"2011-03-22T20:31:54","guid":{"rendered":"http:\/\/www.collectifpsychiatrie.fr\/?page_id=1644"},"modified":"2011-03-22T20:31:54","modified_gmt":"2011-03-22T20:31:54","slug":"reforme-de-la-psychiatrie-le-telephone-sonne-france-inter-le-22032011","status":"publish","type":"page","link":"https:\/\/www.collectifpsychiatrie.fr\/?page_id=1644","title":{"rendered":"&gt;R\u00e9forme de la psychiatrie : Le t\u00e9l\u00e9phone sonne France Inter (le 22\/03\/2011)"},"content":{"rendered":"<p>Emission de France Inter, le t&eacute;l&eacute;phone sonne, sur la r&eacute;forme de la psychiatrie et les soins sous contraintes avec deux membres des 39, Paul Machto et Philippe Bichon.<\/p>\n<p><a href=\"http:\/\/collectifpsychiatrie.fr\/telephone-sonne-22-03-2011.mp3\">http:\/\/collectifpsychiatrie.fr\/telephone-sonne-22-03-2011.mp3<\/a><\/p>\n","protected":false},"excerpt":{"rendered":"<p>Emission de France Inter, le t&eacute;l&eacute;phone sonne, sur la r&eacute;forme de la psychiatrie et les soins sous contraintes avec deux membres des 39, Paul Machto et Philippe Bichon. http:\/\/collectifpsychiatrie.fr\/telephone-sonne-22-03-2011.mp3<\/p>\n","protected":false},"author":2,"featured_media":0,"parent":0,"menu_order":0,"comment_status":"open","ping_status":"open","template":"","meta":{"footnotes":""},"class_list":["post-1644","page","type-page","status-publish","hentry"],"_links":{"self":[{"href":"https:\/\/www.collectifpsychiatrie.fr\/index.php?rest_route=\/wp\/v2\/pages\/1644","targetHints":{"allow":["GET"]}}],"collection":[{"href":"https:\/\/www.collectifpsychiatrie.fr\/index.php?rest_route=\/wp\/v2\/pages"}],"about":[{"href":"https:\/\/www.collectifpsychiatrie.fr\/index.php?rest_route=\/wp\/v2\/types\/page"}],"author":[{"embeddable":true,"href":"https:\/\/www.collectifpsychiatrie.fr\/index.php?rest_route=\/wp\/v2\/users\/2"}],"replies":[{"embeddable":true,"href":"https:\/\/www.collectifpsychiatrie.fr\/index.php?rest_route=%2Fwp%2Fv2%2Fcomments&post=1644"}],"version-history":[{"count":0,"href":"https:\/\/www.collectifpsychiatrie.fr\/index.php?rest_route=\/wp\/v2\/pages\/1644\/revisions"}],"wp:attachment":[{"href":"https:\/\/www.collectifpsychiatrie.fr\/index.php?rest_route=%2Fwp%2Fv2%2Fmedia&parent=1644"}],"curies":[{"name":"wp","href":"https:\/\/api.w.org\/{rel}","templated":true}]}}