{"id":196,"date":"2010-10-09T09:43:03","date_gmt":"2010-10-09T09:43:03","guid":{"rendered":"http:\/\/drapher.u7n.org\/39\/?page_id=196"},"modified":"2020-12-06T13:22:46","modified_gmt":"2020-12-06T13:22:46","slug":"videos-des-intervention-du-meeting-du-25-septembre-2010","status":"publish","type":"page","link":"https:\/\/www.collectifpsychiatrie.fr\/?page_id=196","title":{"rendered":"&gt;Vid\u00e9os &#8211; MEETING du 25 septembre 2010 &#8211; Villejuif"},"content":{"rendered":"<p><iframe loading=\"lazy\" src=\"http:\/\/www.dailymotion.com\/embed\/video\/xgleyh?width=480&amp;theme=eggplant&amp;foreground=%23CFCFCF&amp;highlight=%23834596&amp;background=%23000000&amp;autoPlay=1&amp;start=&amp;animatedTitle=&amp;iframe=1&amp;additionalInfos=0&amp;hideInfos=0\" width=\"480\" height=\"351\" frameborder=\"0\"><\/iframe><br \/>\n<b><a href=\"http:\/\/www.dailymotion.com\/video\/xgleyh_serge-portelli-villejuif-meeting-25-09-10-collectif-des-39_news\">Serge Portelli Villejuif Meeting 25\/09\/10 collectif des 39<\/a><\/b><br \/>\n<i>envoy\u00e9 par <a href=\"http:\/\/www.dailymotion.com\/collectif39\">collectif39<\/a>. &#8211; <\/i><\/p>\n<p><iframe loading=\"lazy\" src=\"http:\/\/www.dailymotion.com\/embed\/video\/xglfy8?width=&amp;theme=eggplant&amp;foreground=%23CFCFCF&amp;highlight=%23834596&amp;background=%23000000&amp;start=&amp;animatedTitle=&amp;iframe=1&amp;additionalInfos=0&amp;autoPlay=0&amp;hideInfos=0\" width=\"480\" height=\"351\" frameborder=\"0\"><\/iframe><br \/>\n<b><a href=\"http:\/\/www.dailymotion.com\/video\/xglfy8_meeting-villejuif-25-09-10-collectif-39-pierre-dardot_news\">Meeting Villejuif 25\/09\/10 collectif 39 Pierre Dardot<\/a><\/b><br \/>\n<i>envoy\u00e9 par <a href=\"http:\/\/www.dailymotion.com\/collectif39\">collectif39<\/a>. &#8211; <\/i><\/p>\n<p><iframe loading=\"lazy\" src=\"http:\/\/www.dailymotion.com\/embed\/video\/xglgvu?width=480&amp;theme=eggplant&amp;foreground=%23CFCFCF&amp;highlight=%23834596&amp;background=%23000000&amp;start=&amp;animatedTitle=&amp;iframe=1&amp;additionalInfos=0&amp;autoPlay=0&amp;hideInfos=0\" width=\"480\" height=\"351\" frameborder=\"0\"><\/iframe><br \/>\n<b><a href=\"http:\/\/www.dailymotion.com\/video\/xglgvu_meeting-villejuif-25-09-10-franck-chaumont-collectif-39_news\">Meeting Villejuif 25\/09\/10 Franck Chaumont Collectif 39<\/a><\/b><br \/>\n<i>envoy\u00e9 par <a href=\"http:\/\/www.dailymotion.com\/collectif39\">collectif39<\/a>. &#8211; <\/i><\/p>\n<p><iframe loading=\"lazy\" src=\"http:\/\/www.dailymotion.com\/embed\/video\/xgnd5k?width=480&amp;theme=eggplant&amp;foreground=%23CFCFCF&amp;highlight=%23834596&amp;background=%23000000&amp;start=&amp;animatedTitle=&amp;iframe=1&amp;additionalInfos=0&amp;autoPlay=0&amp;hideInfos=0\" width=\"480\" height=\"351\" frameborder=\"0\"><\/iframe><br \/>\n<b><a href=\"http:\/\/www.dailymotion.com\/video\/xgnd5k_didier-magnin_news\">didier_magnin<\/a><\/b><br \/>\n<i>envoy\u00e9 par <a href=\"http:\/\/www.dailymotion.com\/collectif39\">collectif39<\/a>. &#8211; <\/i><\/p>\n<p><iframe loading=\"lazy\" src=\"http:\/\/www.dailymotion.com\/embed\/video\/xgnda0?width=480&amp;theme=eggplant&amp;foreground=%23CFCFCF&amp;highlight=%23834596&amp;background=%23000000&amp;start=&amp;animatedTitle=&amp;iframe=1&amp;additionalInfos=0&amp;autoPlay=0&amp;hideInfos=0\" width=\"480\" height=\"351\" frameborder=\"0\"><\/iframe><br \/>\n<b><a href=\"http:\/\/www.dailymotion.com\/video\/xgnda0_syndicat-de-psychiatre_news\">syndicat de psychiatres<\/a><\/b><br \/>\n<i>Uploaded by <a href=\"http:\/\/www.dailymotion.com\/collectif39\">collectif39<\/a><\/i><\/p>\n<p><iframe loading=\"lazy\" src=\"http:\/\/www.dailymotion.com\/embed\/video\/xgp1w8?width=480&amp;theme=eggplant&amp;foreground=%23CFCFCF&amp;highlight=%23834596&amp;background=%23000000&amp;start=&amp;animatedTitle=&amp;iframe=1&amp;additionalInfos=0&amp;autoPlay=0&amp;hideInfos=0\" width=\"480\" height=\"351\" frameborder=\"0\"><\/iframe><br \/>\n<b><a href=\"http:\/\/www.dailymotion.com\/video\/xgp1w8_syndicat-hopitaux-publics_news\">syndicat h\u00f4pitaux publics<\/a><\/b><br \/>\n<i>envoy\u00e9 par <a href=\"http:\/\/www.dailymotion.com\/collectif39\">collectif39<\/a>. &#8211; <\/i><\/p>\n<p><iframe loading=\"lazy\" src=\"http:\/\/www.dailymotion.com\/embed\/video\/xgp2ez?width=480&amp;theme=eggplant&amp;foreground=%23CFCFCF&amp;highlight=%23834596&amp;background=%23000000&amp;start=&amp;animatedTitle=&amp;iframe=1&amp;additionalInfos=0&amp;autoPlay=0&amp;hideInfos=0\" width=\"480\" height=\"351\" frameborder=\"0\"><\/iframe><br \/>\n<b><a href=\"http:\/\/www.dailymotion.com\/video\/xgp2ez_intervention-union-syndicale-de-la-psychiatrie-villejuif_news\">Intervention Union Syndicale de la Psychiatrie-Villejuif<\/a><\/b><br \/>\n<i>envoy\u00e9 par <a href=\"http:\/\/www.dailymotion.com\/collectif39\">collectif39<\/a>. &#8211; <\/i> <iframe loading=\"lazy\" src=\"http:\/\/www.dailymotion.com\/embed\/video\/xgp2qp?width=480&amp;theme=eggplant&amp;foreground=%23CFCFCF&amp;highlight=%23834596&amp;background=%23000000&amp;start=&amp;animatedTitle=&amp;iframe=1&amp;additionalInfos=0&amp;autoPlay=0&amp;hideInfos=0\" width=\"480\" height=\"351\" frameborder=\"0\"><\/iframe><br \/>\n<b><a href=\"http:\/\/www.dailymotion.com\/video\/xgp2qp_syndicat-des-psychiatres-prives_news\">Syndicat des psychiatres priv\u00e9s<\/a><\/b><br \/>\n<i>envoy\u00e9 par <a href=\"http:\/\/www.dailymotion.com\/collectif39\">collectif39<\/a>. &#8211; <\/i><br \/>\n<iframe loading=\"lazy\" src=\"http:\/\/www.dailymotion.com\/embed\/video\/xgp380?width=480&amp;theme=eggplant&amp;foreground=%23CFCFCF&amp;highlight=%23834596&amp;background=%23000000&amp;start=&amp;animatedTitle=&amp;iframe=1&amp;additionalInfos=0&amp;autoPlay=0&amp;hideInfos=0\" width=\"480\" height=\"351\" frameborder=\"0\"><\/iframe><br \/>\n<b><a href=\"http:\/\/www.dailymotion.com\/video\/xgp380_public_news\">Public<\/a><\/b><br \/>\n<i>envoy\u00e9 par <a href=\"http:\/\/www.dailymotion.com\/collectif39\">collectif39<\/a>. &#8211; <\/i><br \/>\n<iframe loading=\"lazy\" class=\"youtube-player\" title=\"YouTube video player\" src=\"http:\/\/www.youtube.com\/embed\/G09hf6XcnSo\" width=\"480\" height=\"390\" frameborder=\"0\" allowfullscreen=\"allowfullscreen\"><\/iframe><\/p>\n","protected":false},"excerpt":{"rendered":"<p>Serge Portelli Villejuif Meeting 25\/09\/10 collectif des 39 envoy\u00e9 par collectif39. &#8211; Meeting Villejuif 25\/09\/10 collectif 39 Pierre Dardot envoy\u00e9 par collectif39. &#8211; Meeting Villejuif 25\/09\/10 Franck Chaumont Collectif 39 envoy\u00e9 par collectif39. &#8211; didier_magnin envoy\u00e9 par collectif39. &#8211; syndicat de psychiatres Uploaded by collectif39 syndicat h\u00f4pitaux publics envoy\u00e9 par collectif39. &#8211; Intervention Union Syndicale &hellip; <a href=\"https:\/\/www.collectifpsychiatrie.fr\/?page_id=196\" class=\"more-link\">Continuer la lecture de <span class=\"screen-reader-text\">&gt;Vid\u00e9os &#8211; MEETING du 25 septembre 2010 &#8211; Villejuif<\/span>  <span class=\"meta-nav\">&rarr;<\/span><\/a><\/p>\n","protected":false},"author":2,"featured_media":0,"parent":0,"menu_order":0,"comment_status":"closed","ping_status":"open","template":"","meta":{"footnotes":""},"class_list":["post-196","page","type-page","status-publish","hentry"],"_links":{"self":[{"href":"https:\/\/www.collectifpsychiatrie.fr\/index.php?rest_route=\/wp\/v2\/pages\/196","targetHints":{"allow":["GET"]}}],"collection":[{"href":"https:\/\/www.collectifpsychiatrie.fr\/index.php?rest_route=\/wp\/v2\/pages"}],"about":[{"href":"https:\/\/www.collectifpsychiatrie.fr\/index.php?rest_route=\/wp\/v2\/types\/page"}],"author":[{"embeddable":true,"href":"https:\/\/www.collectifpsychiatrie.fr\/index.php?rest_route=\/wp\/v2\/users\/2"}],"replies":[{"embeddable":true,"href":"https:\/\/www.collectifpsychiatrie.fr\/index.php?rest_route=%2Fwp%2Fv2%2Fcomments&post=196"}],"version-history":[{"count":1,"href":"https:\/\/www.collectifpsychiatrie.fr\/index.php?rest_route=\/wp\/v2\/pages\/196\/revisions"}],"predecessor-version":[{"id":9212,"href":"https:\/\/www.collectifpsychiatrie.fr\/index.php?rest_route=\/wp\/v2\/pages\/196\/revisions\/9212"}],"wp:attachment":[{"href":"https:\/\/www.collectifpsychiatrie.fr\/index.php?rest_route=%2Fwp%2Fv2%2Fmedia&parent=196"}],"curies":[{"name":"wp","href":"https:\/\/api.w.org\/{rel}","templated":true}]}}