{"id":8132,"date":"2016-03-17T09:08:30","date_gmt":"2016-03-17T09:08:30","guid":{"rendered":"http:\/\/www.collectifpsychiatrie.fr\/?page_id=8132"},"modified":"2016-05-24T10:20:59","modified_gmt":"2016-05-24T10:20:59","slug":"reseau-europeen","status":"publish","type":"page","link":"https:\/\/www.collectifpsychiatrie.fr\/?page_id=8132","title":{"rendered":"R\u00e9seau Europ\u00e9en"},"content":{"rendered":"<p>Le samedi 4 juin , au \u00ab\u00a0Lieu-Dit\u00a0\u00bb<\/p>\n<p>6 rue Sorbier PARIS 20\u00e8me<\/p>\n<p>de 13 h \u00e0 18 h<\/p>\n<p>Alternatives en sant\u00e9 , Je r\u00e9siste et je soigne !<\/p>\n<p><a href=\"https:\/\/www.collectifpsychiatrie.fr\/wp-content\/uploads\/2016\/05\/PetitLogo-Journ\u00e9e-4-juin-d\u00e9finitif.jpg\"><img loading=\"lazy\" decoding=\"async\" class=\"alignnone size-medium wp-image-8248\" src=\"https:\/\/www.collectifpsychiatrie.fr\/wp-content\/uploads\/2016\/05\/PetitLogo-Journ\u00e9e-4-juin-d\u00e9finitif-205x300.jpg\" alt=\"[Petit]Logo Journ\u00e9e 4 juin - d\u00e9finitif\" width=\"205\" height=\"300\" \/><\/a><\/p>\n<p>Cliquer sur ce lien pour voir tous les articles<\/p>\n<p><a href=\"https:\/\/www.collectifpsychiatrie.fr\/?cat=371\">https:\/\/www.collectifpsychiatrie.fr\/?cat=371<\/a><\/p>\n","protected":false},"excerpt":{"rendered":"<p>Le samedi 4 juin , au \u00ab\u00a0Lieu-Dit\u00a0\u00bb 6 rue Sorbier PARIS 20\u00e8me de 13 h \u00e0 18 h Alternatives en sant\u00e9 , Je r\u00e9siste et je soigne ! Cliquer sur ce lien pour voir tous les articles https:\/\/www.collectifpsychiatrie.fr\/?cat=371<\/p>\n","protected":false},"author":78,"featured_media":0,"parent":0,"menu_order":0,"comment_status":"closed","ping_status":"open","template":"","meta":{"footnotes":""},"class_list":["post-8132","page","type-page","status-publish","hentry"],"_links":{"self":[{"href":"https:\/\/www.collectifpsychiatrie.fr\/index.php?rest_route=\/wp\/v2\/pages\/8132","targetHints":{"allow":["GET"]}}],"collection":[{"href":"https:\/\/www.collectifpsychiatrie.fr\/index.php?rest_route=\/wp\/v2\/pages"}],"about":[{"href":"https:\/\/www.collectifpsychiatrie.fr\/index.php?rest_route=\/wp\/v2\/types\/page"}],"author":[{"embeddable":true,"href":"https:\/\/www.collectifpsychiatrie.fr\/index.php?rest_route=\/wp\/v2\/users\/78"}],"replies":[{"embeddable":true,"href":"https:\/\/www.collectifpsychiatrie.fr\/index.php?rest_route=%2Fwp%2Fv2%2Fcomments&post=8132"}],"version-history":[{"count":6,"href":"https:\/\/www.collectifpsychiatrie.fr\/index.php?rest_route=\/wp\/v2\/pages\/8132\/revisions"}],"predecessor-version":[{"id":8253,"href":"https:\/\/www.collectifpsychiatrie.fr\/index.php?rest_route=\/wp\/v2\/pages\/8132\/revisions\/8253"}],"wp:attachment":[{"href":"https:\/\/www.collectifpsychiatrie.fr\/index.php?rest_route=%2Fwp%2Fv2%2Fmedia&parent=8132"}],"curies":[{"name":"wp","href":"https:\/\/api.w.org\/{rel}","templated":true}]}}