{"id":8955,"date":"2020-11-27T19:52:40","date_gmt":"2020-11-27T19:52:40","guid":{"rendered":"http:\/\/www.collectifpsychiatrie.fr\/?page_id=8955"},"modified":"2020-12-01T20:24:25","modified_gmt":"2020-12-01T20:24:25","slug":"fil-conducteur","status":"publish","type":"page","link":"https:\/\/www.collectifpsychiatrie.fr\/?page_id=8955","title":{"rendered":"FIL CONDUCTEUR"},"content":{"rendered":"\n<p>Le Fil conducteur r\u00e9unit des familles, parents et fratries, des patients et des soignants, tous touch\u00e9s \u00e0 des places diff\u00e9rentes par la maladie psychique et sa prise en charge.<\/p>\n\n\n\n<p class=\"has-background has-light-gray-background-color\"><a href=\"https:\/\/lefilconducteurpsy.com\" target=\"_blank\" rel=\"noreferrer noopener\" aria-label=\" (s\u2019ouvre dans un nouvel onglet)\">https:\/\/lefilconducteurpsy.com<\/a><\/p>\n","protected":false},"excerpt":{"rendered":"<p>Le Fil conducteur r\u00e9unit des familles, parents et fratries, des patients et des soignants, tous touch\u00e9s \u00e0 des places diff\u00e9rentes par la maladie psychique et sa prise en charge. https:\/\/lefilconducteurpsy.com<\/p>\n","protected":false},"author":8,"featured_media":0,"parent":0,"menu_order":0,"comment_status":"closed","ping_status":"closed","template":"","meta":{"footnotes":""},"class_list":["post-8955","page","type-page","status-publish","hentry"],"_links":{"self":[{"href":"https:\/\/www.collectifpsychiatrie.fr\/index.php?rest_route=\/wp\/v2\/pages\/8955","targetHints":{"allow":["GET"]}}],"collection":[{"href":"https:\/\/www.collectifpsychiatrie.fr\/index.php?rest_route=\/wp\/v2\/pages"}],"about":[{"href":"https:\/\/www.collectifpsychiatrie.fr\/index.php?rest_route=\/wp\/v2\/types\/page"}],"author":[{"embeddable":true,"href":"https:\/\/www.collectifpsychiatrie.fr\/index.php?rest_route=\/wp\/v2\/users\/8"}],"replies":[{"embeddable":true,"href":"https:\/\/www.collectifpsychiatrie.fr\/index.php?rest_route=%2Fwp%2Fv2%2Fcomments&post=8955"}],"version-history":[{"count":4,"href":"https:\/\/www.collectifpsychiatrie.fr\/index.php?rest_route=\/wp\/v2\/pages\/8955\/revisions"}],"predecessor-version":[{"id":9098,"href":"https:\/\/www.collectifpsychiatrie.fr\/index.php?rest_route=\/wp\/v2\/pages\/8955\/revisions\/9098"}],"wp:attachment":[{"href":"https:\/\/www.collectifpsychiatrie.fr\/index.php?rest_route=%2Fwp%2Fv2%2Fmedia&parent=8955"}],"curies":[{"name":"wp","href":"https:\/\/api.w.org\/{rel}","templated":true}]}}