{"id":9004,"date":"2017-11-28T19:12:11","date_gmt":"2017-11-28T19:12:11","guid":{"rendered":"http:\/\/www.collectifpsychiatrie.fr\/?page_id=9004"},"modified":"2020-11-28T19:23:07","modified_gmt":"2020-11-28T19:23:07","slug":"utopsy","status":"publish","type":"page","link":"https:\/\/www.collectifpsychiatrie.fr\/?page_id=9004","title":{"rendered":"Utopsy"},"content":{"rendered":"\n<figure class=\"wp-block-image is-resized\"><img loading=\"lazy\" decoding=\"async\" src=\"https:\/\/www.collectifpsychiatrie.fr\/wp-content\/uploads\/2020\/11\/Utopsy.png\" alt=\"\" class=\"wp-image-9002\" width=\"342\" height=\"142\" srcset=\"https:\/\/www.collectifpsychiatrie.fr\/wp-content\/uploads\/2020\/11\/Utopsy.png 684w, https:\/\/www.collectifpsychiatrie.fr\/wp-content\/uploads\/2020\/11\/Utopsy-300x125.png 300w\" sizes=\"auto, (max-width: 342px) 100vw, 342px\" \/><figcaption>UTOPSY propose un s\u00e9minaire ouvert \u00e0 tous qui offre un espace d\u2019\u00e9change autour de la clinique, du transfert, de la place de la folie dans la soci\u00e9t\u00e9.<\/figcaption><\/figure>\n\n\n\n<p class=\"has-background has-light-gray-background-color\"><a href=\"http:\/\/www.utopsy.fr\" target=\"_blank\" rel=\"noreferrer noopener\" aria-label=\" (s\u2019ouvre dans un nouvel onglet)\">http:\/\/www.utopsy.fr<\/a><\/p>\n","protected":false},"excerpt":{"rendered":"<p>http:\/\/www.utopsy.fr<\/p>\n","protected":false},"author":78,"featured_media":0,"parent":0,"menu_order":0,"comment_status":"closed","ping_status":"closed","template":"","meta":{"footnotes":""},"class_list":["post-9004","page","type-page","status-publish","hentry"],"_links":{"self":[{"href":"https:\/\/www.collectifpsychiatrie.fr\/index.php?rest_route=\/wp\/v2\/pages\/9004","targetHints":{"allow":["GET"]}}],"collection":[{"href":"https:\/\/www.collectifpsychiatrie.fr\/index.php?rest_route=\/wp\/v2\/pages"}],"about":[{"href":"https:\/\/www.collectifpsychiatrie.fr\/index.php?rest_route=\/wp\/v2\/types\/page"}],"author":[{"embeddable":true,"href":"https:\/\/www.collectifpsychiatrie.fr\/index.php?rest_route=\/wp\/v2\/users\/78"}],"replies":[{"embeddable":true,"href":"https:\/\/www.collectifpsychiatrie.fr\/index.php?rest_route=%2Fwp%2Fv2%2Fcomments&post=9004"}],"version-history":[{"count":3,"href":"https:\/\/www.collectifpsychiatrie.fr\/index.php?rest_route=\/wp\/v2\/pages\/9004\/revisions"}],"predecessor-version":[{"id":9011,"href":"https:\/\/www.collectifpsychiatrie.fr\/index.php?rest_route=\/wp\/v2\/pages\/9004\/revisions\/9011"}],"wp:attachment":[{"href":"https:\/\/www.collectifpsychiatrie.fr\/index.php?rest_route=%2Fwp%2Fv2%2Fmedia&parent=9004"}],"curies":[{"name":"wp","href":"https:\/\/api.w.org\/{rel}","templated":true}]}}